{"id":49145,"date":"2025-08-26T10:59:15","date_gmt":"2025-08-26T08:59:15","guid":{"rendered":"https:\/\/www.mt71.fr\/v2\/?page_id=49145"},"modified":"2025-10-28T14:59:00","modified_gmt":"2025-10-28T13:59:00","slug":"preinscription-sensiprev","status":"publish","type":"page","link":"https:\/\/www.mt71.fr\/v2\/preinscription-sensiprev\/","title":{"rendered":"Pr\u00e9inscription en ligne SENSIPREV"},"content":{"rendered":"<p><img fetchpriority=\"high\" decoding=\"async\" class=\"alignnone wp-image-47206 size-full\" src=\"https:\/\/www.mt71.fr\/v2\/wp-content\/uploads\/2025\/02\/Sensiprevformulairepreinscription.png\" alt=\"\" width=\"1584\" height=\"200\" srcset=\"https:\/\/www.mt71.fr\/v2\/wp-content\/uploads\/2025\/02\/Sensiprevformulairepreinscription.png 1584w, https:\/\/www.mt71.fr\/v2\/wp-content\/uploads\/2025\/02\/Sensiprevformulairepreinscription-300x38.png 300w, https:\/\/www.mt71.fr\/v2\/wp-content\/uploads\/2025\/02\/Sensiprevformulairepreinscription-1024x129.png 1024w, https:\/\/www.mt71.fr\/v2\/wp-content\/uploads\/2025\/02\/Sensiprevformulairepreinscription-768x97.png 768w, https:\/\/www.mt71.fr\/v2\/wp-content\/uploads\/2025\/02\/Sensiprevformulairepreinscription-1536x194.png 1536w\" sizes=\"(max-width: 1584px) 100vw, 1584px\" \/><\/p>\n<div class=\"frm_forms  with_frm_style frm_style_style-formidable\" id=\"frm_form_70_container\" >\n<form enctype=\"multipart\/form-data\" method=\"post\" class=\"frm-show-form  frm_pro_form \" id=\"form_babcp22\" >\n<div class=\"frm_form_fields \">\n<fieldset>\n<legend class=\"frm_screen_reader\">Agenda - Pr\u00e9inscription SENSIPREV<\/legend>\r\n\r\n<div class=\"frm_fields_container\">\n<input type=\"hidden\" name=\"frm_action\" value=\"create\" \/>\n<input type=\"hidden\" name=\"form_id\" value=\"70\" \/>\n<input type=\"hidden\" name=\"frm_hide_fields_70\" id=\"frm_hide_fields_70\" value=\"\" \/>\n<input type=\"hidden\" name=\"form_key\" value=\"babcp22\" \/>\n<input type=\"hidden\" name=\"item_meta[0]\" value=\"\" \/>\n<input type=\"hidden\" id=\"frm_submit_entry_70\" name=\"frm_submit_entry_70\" value=\"79ad3368ad\" \/><input type=\"hidden\" name=\"_wp_http_referer\" value=\"\/v2\/wp-json\/wp\/v2\/pages\/49145\" \/><div id=\"frm_field_3137_container\" class=\"frm_form_field form-field  frm_required_field frm_top_container vertical_radio\">\r\n\t<div  id=\"field_jksk0_label\" class=\"frm_primary_label\">Civilit\u00e9\r\n\t\t<span class=\"frm_required\" aria-hidden=\"true\">*<\/span>\r\n\t<\/div>\r\n\t<div class=\"frm_opt_container\" aria-labelledby=\"field_jksk0_label\" role=\"radiogroup\" aria-required=\"true\">\t\t<div class=\"frm_radio\" id=\"frm_radio_3137-0\">\t\t\t<label  for=\"field_jksk0-0\">\n\t\t\t\t\t<input type=\"radio\" name=\"item_meta[3137]\" id=\"field_jksk0-0\" value=\"Madame\"\n\t\t data-reqmsg=\"Ce champ ne peut pas \u00eatre vide\" data-invmsg=\"Civilit\u00e9 est non valide\"   \/> Madame<\/label><\/div>\n\t\t<div class=\"frm_radio\" id=\"frm_radio_3137-1\">\t\t\t<label  for=\"field_jksk0-1\">\n\t\t\t\t\t<input type=\"radio\" name=\"item_meta[3137]\" id=\"field_jksk0-1\" value=\"Monsieur\"\n\t\t data-reqmsg=\"Ce champ ne peut pas \u00eatre vide\" data-invmsg=\"Civilit\u00e9 est non valide\"   \/> Monsieur<\/label><\/div>\n<\/div>\r\n\t\r\n\t\r\n<\/div>\n<div id=\"frm_field_3094_container\" class=\"frm_form_field form-field  frm_required_field frm_top_container frm6 frm_first\">\r\n\t<label for=\"field_ppqg93\" id=\"field_ppqg93_label\" class=\"frm_primary_label\">NOM\r\n\t\t<span class=\"frm_required\" aria-hidden=\"true\">*<\/span>\r\n\t<\/label>\r\n\t<input  type=\"text\" id=\"field_ppqg93\" name=\"item_meta[3094]\" value=\"\"  placeholder=\"NOM Responsable formation\" data-reqmsg=\"Ce champ ne peut pas \u00eatre vide\" aria-required=\"true\" data-invmsg=\"NOM est non valide\" aria-invalid=\"false\"   \/>\r\n\t\r\n\t\r\n<\/div>\n<div id=\"frm_field_3095_container\" class=\"frm_form_field form-field  frm_required_field frm_top_container frm6\">\r\n\t<label for=\"field_qvfp73\" id=\"field_qvfp73_label\" class=\"frm_primary_label\">Pr\u00e9nom\r\n\t\t<span class=\"frm_required\" aria-hidden=\"true\">*<\/span>\r\n\t<\/label>\r\n\t<input  type=\"text\" id=\"field_qvfp73\" name=\"item_meta[3095]\" value=\"\"  placeholder=\"Pr\u00e9nom Responsable formation\" data-reqmsg=\"Ce champ ne peut pas \u00eatre vide\" aria-required=\"true\" data-invmsg=\"Pr\u00e9nom est non valide\" aria-invalid=\"false\"   \/>\r\n\t\r\n\t\r\n<\/div>\n<div id=\"frm_field_3096_container\" class=\"frm_form_field form-field  frm_required_field frm_top_container\">\r\n\t<label for=\"field_qumta3\" id=\"field_qumta3_label\" class=\"frm_primary_label\">Fonction\r\n\t\t<span class=\"frm_required\" aria-hidden=\"true\">*<\/span>\r\n\t<\/label>\r\n\t<input  type=\"text\" id=\"field_qumta3\" name=\"item_meta[3096]\" value=\"\"  placeholder=\"Fonction Responsable formation\" data-reqmsg=\"Ce champ ne peut pas \u00eatre vide\" aria-required=\"true\" data-invmsg=\"Fonction est non valide\" aria-invalid=\"false\"   \/>\r\n\t\r\n\t\r\n<\/div>\n<div id=\"frm_field_3097_container\" class=\"frm_form_field form-field  frm_required_field frm_top_container frm6 frm_first\">\r\n\t<label for=\"field_xz3tn3\" id=\"field_xz3tn3_label\" class=\"frm_primary_label\">Email\r\n\t\t<span class=\"frm_required\" aria-hidden=\"true\">*<\/span>\r\n\t<\/label>\r\n\t<input type=\"email\" id=\"field_xz3tn3\" name=\"item_meta[3097]\" value=\"\"  autocomplete=\"email\"  placeholder=\"Email Responsable formation\" data-reqmsg=\"Ce champ ne peut pas \u00eatre vide\" aria-required=\"true\" data-invmsg=\"Email est non valide\" aria-invalid=\"false\"  \/>\r\n\t\r\n\t\r\n<\/div>\n<div id=\"frm_field_3098_container\" class=\"frm_form_field form-field  frm_required_field frm_top_container frm6\">\r\n\t<label for=\"field_7yy6b3\" id=\"field_7yy6b3_label\" class=\"frm_primary_label\">T\u00e9l\u00e9phone\r\n\t\t<span class=\"frm_required\" aria-hidden=\"true\">*<\/span>\r\n\t<\/label>\r\n\t<input type=\"tel\" id=\"field_7yy6b3\" name=\"item_meta[3098]\" value=\"\"  placeholder=\"T\u00e9l\u00e9phone Responsable formation\" data-reqmsg=\"Ce champ ne peut pas \u00eatre vide\" aria-required=\"true\" data-invmsg=\"T\u00e9l\u00e9phone est non valide\" aria-invalid=\"false\" pattern=\"((\\+\\d{1,3}(-|.| )?\\(?\\d\\)?(-| |.)?\\d{1,5})|(\\(?\\d{2,6}\\)?))(-|.| )?(\\d{3,4})(-|.| )?(\\d{4})(( x| ext)\\d{1,5}){0,1}$\"  \/>\r\n\t\r\n\t\r\n<\/div>\n<div id=\"frm_field_3099_container\" class=\"frm_form_field form-field  frm_required_field frm_top_container frm6 frm_first\">\r\n\t<label for=\"field_2pym53\" id=\"field_2pym53_label\" class=\"frm_primary_label\">Num\u00e9ro d'adh\u00e9rent\r\n\t\t<span class=\"frm_required\" aria-hidden=\"true\">*<\/span>\r\n\t<\/label>\r\n\t<input  type=\"text\" id=\"field_2pym53\" name=\"item_meta[3099]\" value=\"\"  placeholder=\"Num\u00e9ro d&#039;adh\u00e9rent\" data-reqmsg=\"Ce champ ne peut pas \u00eatre vide\" aria-required=\"true\" data-invmsg=\"Num\u00e9ro d&#039;adh\u00e9rent est non valide\" aria-invalid=\"false\"   \/>\r\n\t\r\n\t\r\n<\/div>\n<div id=\"frm_field_3100_container\" class=\"frm_form_field form-field  frm_required_field frm_top_container frm6\">\r\n\t<label for=\"field_mgtwn3\" id=\"field_mgtwn3_label\" class=\"frm_primary_label\">Nom de l'entreprise\r\n\t\t<span class=\"frm_required\" aria-hidden=\"true\">*<\/span>\r\n\t<\/label>\r\n\t<input  type=\"text\" id=\"field_mgtwn3\" name=\"item_meta[3100]\" value=\"\"  placeholder=\"Nom de l&#039;entreprise\" data-reqmsg=\"Ce champ ne peut pas \u00eatre vide\" aria-required=\"true\" data-invmsg=\"Nom de l&#039;entreprise est non valide\" aria-invalid=\"false\"   \/>\r\n\t\r\n\t\r\n<\/div>\n<div id=\"frm_field_3130_container\" class=\"frm_form_field form-field  frm_required_field frm_top_container\">\r\n\t<label for=\"field_gf359\" id=\"field_gf359_label\" class=\"frm_primary_label\">Adresse de l'entreprise\r\n\t\t<span class=\"frm_required\" aria-hidden=\"true\">*<\/span>\r\n\t<\/label>\r\n\t<input  type=\"text\" id=\"field_gf359\" name=\"item_meta[3130]\" value=\"\"  placeholder=\"Adresse de l&#039;entreprise\" data-reqmsg=\"Ce champ ne peut pas \u00eatre vide\" aria-required=\"true\" data-invmsg=\"Adresse de l&#039;entreprise est non valide\" aria-invalid=\"false\"   \/>\r\n\t\r\n\t\r\n<\/div>\n<div id=\"frm_field_3131_container\" class=\"frm_form_field form-field  frm_top_container\">\r\n\t<label for=\"field_i6sw9\" id=\"field_i6sw9_label\" class=\"frm_primary_label\">Adresse de l'entreprise\r\n\t\t<span class=\"frm_required\" aria-hidden=\"true\"><\/span>\r\n\t<\/label>\r\n\t<input  type=\"text\" id=\"field_i6sw9\" name=\"item_meta[3131]\" value=\"\"  placeholder=\"Adresse de l&#039;entreprise (ligne 2 si besoin)\" data-invmsg=\"Adresse de l&#039;entreprise est non valide\" aria-invalid=\"false\"   \/>\r\n\t\r\n\t\r\n<\/div>\n<div id=\"frm_field_3132_container\" class=\"frm_form_field form-field  frm_required_field frm_top_container frm_third\">\r\n\t<label for=\"field_6g1lz\" id=\"field_6g1lz_label\" class=\"frm_primary_label\">Code postal\r\n\t\t<span class=\"frm_required\" aria-hidden=\"true\">*<\/span>\r\n\t<\/label>\r\n\t<input  type=\"text\" id=\"field_6g1lz\" name=\"item_meta[3132]\" value=\"\"  placeholder=\"Code postal\" data-reqmsg=\"Ce champ ne peut pas \u00eatre vide\" aria-required=\"true\" data-invmsg=\"Code postal est non valide\" aria-invalid=\"false\"   \/>\r\n\t\r\n\t\r\n<\/div>\n<div id=\"frm_field_3133_container\" class=\"frm_form_field form-field  frm_required_field frm_top_container frm_two_thirds\">\r\n\t<label for=\"field_rj73d\" id=\"field_rj73d_label\" class=\"frm_primary_label\">Ville\r\n\t\t<span class=\"frm_required\" aria-hidden=\"true\">*<\/span>\r\n\t<\/label>\r\n\t<input  type=\"text\" id=\"field_rj73d\" name=\"item_meta[3133]\" value=\"\"  placeholder=\"Ville\" data-reqmsg=\"Ce champ ne peut pas \u00eatre vide\" aria-required=\"true\" data-invmsg=\"Ville est non valide\" aria-invalid=\"false\"   \/>\r\n\t\r\n\t\r\n<\/div>\n<div id=\"frm_field_3103_container\" class=\"frm_form_field form-field  frm_required_field frm_top_container\">\r\n\t<label for=\"field_3vw9n\" id=\"field_3vw9n_label\" class=\"frm_primary_label\">Sensibilisation souhait\u00e9e\r\n\t\t<span class=\"frm_required\" aria-hidden=\"true\">*<\/span>\r\n\t<\/label>\r\n\t<input  type=\"text\" id=\"field_3vw9n\" name=\"item_meta[3103]\" value=\" \"  readonly=\"readonly\"  data-frmval=\" \" data-reqmsg=\"Ce champ ne peut pas \u00eatre vide\" aria-required=\"true\" data-invmsg=\"Sensibilisation souhait\u00e9e est non valide\" aria-invalid=\"false\"   \/>\r\n\t\r\n\t\r\n<\/div>\n<div id=\"frm_field_3106_container\" class=\"frm_form_field form-field  frm_required_field frm_top_container\">\r\n\t<label for=\"field_dwfds\" id=\"field_dwfds_label\" class=\"frm_primary_label\">Date\r\n\t\t<span class=\"frm_required\" aria-hidden=\"true\">*<\/span>\r\n\t<\/label>\r\n\t<input  type=\"text\" id=\"field_dwfds\" name=\"item_meta[3106]\" value=\" \"  readonly=\"readonly\"  data-frmval=\" \" data-reqmsg=\"Ce champ ne peut pas \u00eatre vide\" aria-required=\"true\" data-invmsg=\"Date est non valide\" aria-invalid=\"false\"   \/>\r\n\t\r\n\t\r\n<\/div>\n<div id=\"frm_field_3105_container\" class=\"frm_form_field form-field  frm_top_container\">\r\n\t<label for=\"field_xd7hz\" id=\"field_xd7hz_label\" class=\"frm_primary_label\">Lieu\r\n\t\t<span class=\"frm_required\" aria-hidden=\"true\"><\/span>\r\n\t<\/label>\r\n\t<input  type=\"text\" id=\"field_xd7hz\" name=\"item_meta[3105]\" value=\" \"  readonly=\"readonly\"  data-frmval=\" \" data-invmsg=\"Lieu est non valide\" aria-invalid=\"false\"   \/>\r\n\t\r\n\t\r\n<\/div>\n<div id=\"frm_field_3107_container\" class=\"frm_form_field form-field  frm_required_field frm_top_container\">\r\n\t<label for=\"field_sazbk\" id=\"field_sazbk_label\" class=\"frm_primary_label\">Nombre de place souhait\u00e9e\r\n\t\t<span class=\"frm_required\" aria-hidden=\"true\">*<\/span>\r\n\t<\/label>\r\n\t<input type=\"number\" id=\"field_sazbk\" name=\"item_meta[3107]\" value=\"\" placeholder=\"Nombre de place souhait\u00e9\" data-reqmsg=\"Ce champ ne peut pas \u00eatre vide\" aria-required=\"true\" data-invmsg=\"Nombre de place souhait\u00e9e est non valide\" aria-invalid=\"false\"   min=\"0\" max=\"12\" step=\"any\" \/>\r\n\t\r\n\t\r\n<\/div>\n<div id=\"frm_field_3134_container\" class=\"frm_form_field form-field  frm_required_field frm_top_container\">\r\n\t<label for=\"field_rqjyj\" id=\"field_rqjyj_label\" class=\"frm_primary_label\">Identit\u00e9 du (ou des) salari\u00e9(s) \u00e0 pr\u00e9inscrire\r\n\t\t<span class=\"frm_required\" aria-hidden=\"true\">*<\/span>\r\n\t<\/label>\r\n\t<textarea name=\"item_meta[3134]\" id=\"field_rqjyj\" rows=\"5\"  placeholder=\"NOM Pr\u00e9nom et date de naissance pour chaque salari\u00e9 \u00e0 pr\u00e9inscrire (1 ligne par salari\u00e9)\" data-reqmsg=\"Ce champ ne peut pas \u00eatre vide\" aria-required=\"true\" data-invmsg=\"Identit\u00e9 du (ou des) salari\u00e9(s) \u00e0 pr\u00e9inscrire est non valide\" aria-invalid=\"false\"  ><\/textarea>\r\n\t\r\n\t\r\n<\/div>\n<div id=\"frm_field_3135_container\" class=\"frm_form_field form-field  frm_top_container\">\r\n\t<label for=\"field_5n3fz\" id=\"field_5n3fz_label\" class=\"frm_primary_label\">Pour le module \"MON DOCUMENT UNIQUE : Outil MDU en visio\", renseignez l'adresse mail du (ou des) participant(s) pour la r\u00e9cup\u00e9ration du lien de connexion\r\n\t\t<span class=\"frm_required\" aria-hidden=\"true\"><\/span>\r\n\t<\/label>\r\n\t<input  type=\"text\" id=\"field_5n3fz\" name=\"item_meta[3135]\" value=\"\"  placeholder=\"Adresse mail du (ou des) participant(s) UNIQUEMENT pour le module MDU en visio\" data-invmsg=\"Pour le module &quot;MON DOCUMENT UNIQUE : Outil MDU en visio&quot;, renseignez l&#039;adresse mail du (ou des) participant(s) pour la r\u00e9cup\u00e9ration du lien de connexion est non valide\" aria-invalid=\"false\"   \/>\r\n\t\r\n\t\r\n<\/div>\n<div id=\"frm_field_3136_container\" class=\"frm_form_field form-field  frm_top_container\">\r\n\t<label for=\"field_7t08v\" id=\"field_7t08v_label\" class=\"frm_primary_label\">Commentaire\r\n\t\t<span class=\"frm_required\" aria-hidden=\"true\"><\/span>\r\n\t<\/label>\r\n\t<input  type=\"text\" id=\"field_7t08v\" name=\"item_meta[3136]\" value=\"\"  placeholder=\"Demande sp\u00e9cifique pour le secr\u00e9tariat SENSIPREV\" data-invmsg=\"Commentaire est non valide\" aria-invalid=\"false\"   \/>\r\n\t\r\n\t\r\n<\/div>\n<div id=\"frm_field_3102_container\" class=\"frm_form_field form-field  frm12 frm_first\">\r\n\t<div class=\"frm_submit frm_flex\">\r\n<button class=\"frm_button_submit frm_final_submit\" type=\"submit\"   formnovalidate=\"formnovalidate\">Je valide ma demande de pr\u00e9inscription<\/button>\r\n\r\n\r\n\r\n<\/div>\r\n<\/div>\n\t<input type=\"hidden\" name=\"item_key\" value=\"\" \/>\n\t\t\t<div id=\"frm_field_3156_container\">\n\t\t\t<label for=\"field_dmkyg\" >\n\t\t\t\tSi vous \u00eates un humain, ne remplissez pas ce champ.\t\t\t<\/label>\n\t\t\t<input  id=\"field_dmkyg\" type=\"text\" class=\"frm_form_field form-field frm_verify\" name=\"item_meta[3156]\" value=\"\"  \/>\n\t\t<\/div>\n\t\t<input name=\"frm_state\" type=\"hidden\" value=\"ATVKbddLnneZKhYyk0NSFRBKwiTMp+NL+oktObWXS1WhS0zud+C7dXhDeFT4hiIi7VuSx\/uo1rOEB5t0wOfFQonE2+lFhR6orNjB9lc7LOQhdrTtun\/eeKytKr68jaA8\" \/><\/div>\n<\/fieldset>\n<\/div>\n\n<\/form>\n<\/div>\n\n","protected":false},"excerpt":{"rendered":"<p>Agenda &#8211; Pr\u00e9inscription SENSIPREV Civilit\u00e9 * Madame Monsieur NOM * Pr\u00e9nom * Fonction * Email * T\u00e9l\u00e9phone * Num\u00e9ro d&rsquo;adh\u00e9rent * Nom de l&rsquo;entreprise * Adresse de l&rsquo;entreprise * Adresse de l&rsquo;entreprise Code postal * Ville * Sensibilisation souhait\u00e9e * Date * Lieu Nombre de place souhait\u00e9e * Identit\u00e9 du (ou des) salari\u00e9(s) \u00e0 pr\u00e9inscrire&hellip;<\/p>\n","protected":false},"author":11,"featured_media":0,"parent":0,"menu_order":0,"comment_status":"closed","ping_status":"closed","template":"","meta":{"jetpack_post_was_ever_published":false,"footnotes":""},"class_list":["post-49145","page","type-page","status-publish","hentry","description-off"],"yoast_head":"<!-- This site is optimized with the Yoast SEO plugin v27.5 - https:\/\/yoast.com\/product\/yoast-seo-wordpress\/ -->\n<title>Pr\u00e9inscription en ligne SENSIPREV - MT71 - Pr\u00e9vention &amp; Sant\u00e9 au Travail<\/title>\n<meta name=\"robots\" content=\"noindex, follow\" \/>\n<meta property=\"og:locale\" content=\"fr_FR\" \/>\n<meta property=\"og:type\" content=\"article\" \/>\n<meta property=\"og:title\" content=\"Pr\u00e9inscription en ligne SENSIPREV - MT71 - Pr\u00e9vention &amp; Sant\u00e9 au Travail\" \/>\n<meta property=\"og:url\" content=\"https:\/\/www.mt71.fr\/v2\/preinscription-sensiprev\/\" \/>\n<meta property=\"og:site_name\" content=\"MT71 - Pr\u00e9vention &amp; Sant\u00e9 au Travail\" \/>\n<meta property=\"article:modified_time\" content=\"2025-10-28T13:59:00+00:00\" \/>\n<meta property=\"og:image\" content=\"https:\/\/www.mt71.fr\/v2\/wp-content\/uploads\/2025\/02\/Sensiprevformulairepreinscription.png\" \/>\n<meta name=\"twitter:card\" content=\"summary_large_image\" \/>\n<meta name=\"twitter:label1\" content=\"Dur\u00e9e de lecture estim\u00e9e\" \/>\n\t<meta name=\"twitter:data1\" content=\"1 minute\" \/>\n<script type=\"application\/ld+json\" class=\"yoast-schema-graph\">{\"@context\":\"https:\\\/\\\/schema.org\",\"@graph\":[{\"@type\":\"WebPage\",\"@id\":\"https:\\\/\\\/www.mt71.fr\\\/v2\\\/preinscription-sensiprev\\\/\",\"url\":\"https:\\\/\\\/www.mt71.fr\\\/v2\\\/preinscription-sensiprev\\\/\",\"name\":\"Pr\u00e9inscription en ligne SENSIPREV - MT71 - Pr\u00e9vention &amp; Sant\u00e9 au Travail\",\"isPartOf\":{\"@id\":\"https:\\\/\\\/www.mt71.fr\\\/v2\\\/#website\"},\"primaryImageOfPage\":{\"@id\":\"https:\\\/\\\/www.mt71.fr\\\/v2\\\/preinscription-sensiprev\\\/#primaryimage\"},\"image\":{\"@id\":\"https:\\\/\\\/www.mt71.fr\\\/v2\\\/preinscription-sensiprev\\\/#primaryimage\"},\"thumbnailUrl\":\"https:\\\/\\\/www.mt71.fr\\\/v2\\\/wp-content\\\/uploads\\\/2025\\\/02\\\/Sensiprevformulairepreinscription.png\",\"datePublished\":\"2025-08-26T08:59:15+00:00\",\"dateModified\":\"2025-10-28T13:59:00+00:00\",\"breadcrumb\":{\"@id\":\"https:\\\/\\\/www.mt71.fr\\\/v2\\\/preinscription-sensiprev\\\/#breadcrumb\"},\"inLanguage\":\"fr-FR\",\"potentialAction\":[{\"@type\":\"ReadAction\",\"target\":[\"https:\\\/\\\/www.mt71.fr\\\/v2\\\/preinscription-sensiprev\\\/\"]}]},{\"@type\":\"ImageObject\",\"inLanguage\":\"fr-FR\",\"@id\":\"https:\\\/\\\/www.mt71.fr\\\/v2\\\/preinscription-sensiprev\\\/#primaryimage\",\"url\":\"https:\\\/\\\/www.mt71.fr\\\/v2\\\/wp-content\\\/uploads\\\/2025\\\/02\\\/Sensiprevformulairepreinscription.png\",\"contentUrl\":\"https:\\\/\\\/www.mt71.fr\\\/v2\\\/wp-content\\\/uploads\\\/2025\\\/02\\\/Sensiprevformulairepreinscription.png\",\"width\":1584,\"height\":200},{\"@type\":\"BreadcrumbList\",\"@id\":\"https:\\\/\\\/www.mt71.fr\\\/v2\\\/preinscription-sensiprev\\\/#breadcrumb\",\"itemListElement\":[{\"@type\":\"ListItem\",\"position\":1,\"name\":\"Accueil\",\"item\":\"https:\\\/\\\/www.mt71.fr\\\/v2\\\/\"},{\"@type\":\"ListItem\",\"position\":2,\"name\":\"Pr\u00e9inscription en ligne SENSIPREV\"}]},{\"@type\":\"WebSite\",\"@id\":\"https:\\\/\\\/www.mt71.fr\\\/v2\\\/#website\",\"url\":\"https:\\\/\\\/www.mt71.fr\\\/v2\\\/\",\"name\":\"MT71 Service de Pr\u00e9vention et de Sant\u00e9 au Travail Interentreprises\",\"description\":\"Service de Pr\u00e9vention et de Sant\u00e9 au Travail Interentreprises en Sa\u00f4ne-et-Loire\",\"publisher\":{\"@id\":\"https:\\\/\\\/www.mt71.fr\\\/v2\\\/#organization\"},\"alternateName\":\"MT71\",\"potentialAction\":[{\"@type\":\"SearchAction\",\"target\":{\"@type\":\"EntryPoint\",\"urlTemplate\":\"https:\\\/\\\/www.mt71.fr\\\/v2\\\/?s={search_term_string}\"},\"query-input\":{\"@type\":\"PropertyValueSpecification\",\"valueRequired\":true,\"valueName\":\"search_term_string\"}}],\"inLanguage\":\"fr-FR\"},{\"@type\":\"Organization\",\"@id\":\"https:\\\/\\\/www.mt71.fr\\\/v2\\\/#organization\",\"name\":\"MT71\",\"url\":\"https:\\\/\\\/www.mt71.fr\\\/v2\\\/\",\"logo\":{\"@type\":\"ImageObject\",\"inLanguage\":\"fr-FR\",\"@id\":\"https:\\\/\\\/www.mt71.fr\\\/v2\\\/#\\\/schema\\\/logo\\\/image\\\/\",\"url\":\"https:\\\/\\\/www.mt71.fr\\\/v2\\\/wp-content\\\/uploads\\\/2024\\\/11\\\/Logo-MT71-site-internet.png\",\"contentUrl\":\"https:\\\/\\\/www.mt71.fr\\\/v2\\\/wp-content\\\/uploads\\\/2024\\\/11\\\/Logo-MT71-site-internet.png\",\"width\":200,\"height\":150,\"caption\":\"MT71\"},\"image\":{\"@id\":\"https:\\\/\\\/www.mt71.fr\\\/v2\\\/#\\\/schema\\\/logo\\\/image\\\/\"},\"sameAs\":[\"https:\\\/\\\/fr.linkedin.com\\\/company\\\/mt71\",\"https:\\\/\\\/www.youtube.com\\\/channel\\\/UCuqkcoz1dgttolhwMEnC6tg\"]}]}<\/script>\n<!-- \/ Yoast SEO plugin. -->","yoast_head_json":{"title":"Pr\u00e9inscription en ligne SENSIPREV - MT71 - Pr\u00e9vention &amp; Sant\u00e9 au Travail","robots":{"index":"noindex","follow":"follow"},"og_locale":"fr_FR","og_type":"article","og_title":"Pr\u00e9inscription en ligne SENSIPREV - MT71 - Pr\u00e9vention &amp; Sant\u00e9 au Travail","og_url":"https:\/\/www.mt71.fr\/v2\/preinscription-sensiprev\/","og_site_name":"MT71 - Pr\u00e9vention &amp; Sant\u00e9 au Travail","article_modified_time":"2025-10-28T13:59:00+00:00","og_image":[{"url":"https:\/\/www.mt71.fr\/v2\/wp-content\/uploads\/2025\/02\/Sensiprevformulairepreinscription.png","type":"","width":"","height":""}],"twitter_card":"summary_large_image","twitter_misc":{"Dur\u00e9e de lecture estim\u00e9e":"1 minute"},"schema":{"@context":"https:\/\/schema.org","@graph":[{"@type":"WebPage","@id":"https:\/\/www.mt71.fr\/v2\/preinscription-sensiprev\/","url":"https:\/\/www.mt71.fr\/v2\/preinscription-sensiprev\/","name":"Pr\u00e9inscription en ligne SENSIPREV - MT71 - Pr\u00e9vention &amp; Sant\u00e9 au Travail","isPartOf":{"@id":"https:\/\/www.mt71.fr\/v2\/#website"},"primaryImageOfPage":{"@id":"https:\/\/www.mt71.fr\/v2\/preinscription-sensiprev\/#primaryimage"},"image":{"@id":"https:\/\/www.mt71.fr\/v2\/preinscription-sensiprev\/#primaryimage"},"thumbnailUrl":"https:\/\/www.mt71.fr\/v2\/wp-content\/uploads\/2025\/02\/Sensiprevformulairepreinscription.png","datePublished":"2025-08-26T08:59:15+00:00","dateModified":"2025-10-28T13:59:00+00:00","breadcrumb":{"@id":"https:\/\/www.mt71.fr\/v2\/preinscription-sensiprev\/#breadcrumb"},"inLanguage":"fr-FR","potentialAction":[{"@type":"ReadAction","target":["https:\/\/www.mt71.fr\/v2\/preinscription-sensiprev\/"]}]},{"@type":"ImageObject","inLanguage":"fr-FR","@id":"https:\/\/www.mt71.fr\/v2\/preinscription-sensiprev\/#primaryimage","url":"https:\/\/www.mt71.fr\/v2\/wp-content\/uploads\/2025\/02\/Sensiprevformulairepreinscription.png","contentUrl":"https:\/\/www.mt71.fr\/v2\/wp-content\/uploads\/2025\/02\/Sensiprevformulairepreinscription.png","width":1584,"height":200},{"@type":"BreadcrumbList","@id":"https:\/\/www.mt71.fr\/v2\/preinscription-sensiprev\/#breadcrumb","itemListElement":[{"@type":"ListItem","position":1,"name":"Accueil","item":"https:\/\/www.mt71.fr\/v2\/"},{"@type":"ListItem","position":2,"name":"Pr\u00e9inscription en ligne SENSIPREV"}]},{"@type":"WebSite","@id":"https:\/\/www.mt71.fr\/v2\/#website","url":"https:\/\/www.mt71.fr\/v2\/","name":"MT71 Service de Pr\u00e9vention et de Sant\u00e9 au Travail Interentreprises","description":"Service de Pr\u00e9vention et de Sant\u00e9 au Travail Interentreprises en Sa\u00f4ne-et-Loire","publisher":{"@id":"https:\/\/www.mt71.fr\/v2\/#organization"},"alternateName":"MT71","potentialAction":[{"@type":"SearchAction","target":{"@type":"EntryPoint","urlTemplate":"https:\/\/www.mt71.fr\/v2\/?s={search_term_string}"},"query-input":{"@type":"PropertyValueSpecification","valueRequired":true,"valueName":"search_term_string"}}],"inLanguage":"fr-FR"},{"@type":"Organization","@id":"https:\/\/www.mt71.fr\/v2\/#organization","name":"MT71","url":"https:\/\/www.mt71.fr\/v2\/","logo":{"@type":"ImageObject","inLanguage":"fr-FR","@id":"https:\/\/www.mt71.fr\/v2\/#\/schema\/logo\/image\/","url":"https:\/\/www.mt71.fr\/v2\/wp-content\/uploads\/2024\/11\/Logo-MT71-site-internet.png","contentUrl":"https:\/\/www.mt71.fr\/v2\/wp-content\/uploads\/2024\/11\/Logo-MT71-site-internet.png","width":200,"height":150,"caption":"MT71"},"image":{"@id":"https:\/\/www.mt71.fr\/v2\/#\/schema\/logo\/image\/"},"sameAs":["https:\/\/fr.linkedin.com\/company\/mt71","https:\/\/www.youtube.com\/channel\/UCuqkcoz1dgttolhwMEnC6tg"]}]}},"jetpack_sharing_enabled":true,"_links":{"self":[{"href":"https:\/\/www.mt71.fr\/v2\/wp-json\/wp\/v2\/pages\/49145","targetHints":{"allow":["GET"]}}],"collection":[{"href":"https:\/\/www.mt71.fr\/v2\/wp-json\/wp\/v2\/pages"}],"about":[{"href":"https:\/\/www.mt71.fr\/v2\/wp-json\/wp\/v2\/types\/page"}],"author":[{"embeddable":true,"href":"https:\/\/www.mt71.fr\/v2\/wp-json\/wp\/v2\/users\/11"}],"replies":[{"embeddable":true,"href":"https:\/\/www.mt71.fr\/v2\/wp-json\/wp\/v2\/comments?post=49145"}],"version-history":[{"count":5,"href":"https:\/\/www.mt71.fr\/v2\/wp-json\/wp\/v2\/pages\/49145\/revisions"}],"predecessor-version":[{"id":49550,"href":"https:\/\/www.mt71.fr\/v2\/wp-json\/wp\/v2\/pages\/49145\/revisions\/49550"}],"wp:attachment":[{"href":"https:\/\/www.mt71.fr\/v2\/wp-json\/wp\/v2\/media?parent=49145"}],"curies":[{"name":"wp","href":"https:\/\/api.w.org\/{rel}","templated":true}]}}